{"id":181,"date":"2020-05-23T17:58:21","date_gmt":"2020-05-23T22:58:21","guid":{"rendered":"http:\/\/www.decisionscience.bi\/?page_id=181"},"modified":"2021-05-14T13:52:55","modified_gmt":"2021-05-14T18:52:55","slug":"products","status":"publish","type":"page","link":"https:\/\/www.decisionscience.bi\/fr\/products\/","title":{"rendered":"Products"},"content":{"rendered":"<p>Our continuous search of excellence in executing projects for our customers, led us to find and discover the best tools to accomplish objectives in a fast, reliable and cost effective way.<\/p>\n\n\n\n<p>In this sense, we are using top Gartner\u00ae quadrant tools like:<\/p>\n\n\n\n<div class=\"wp-block-qubely-infobox qubely-block-b8f111\"><div class=\"qubely-block-info-box  qubely-info-box-layout-1\"><div class=\"qubely-info-box-media qubely-media-has-bg\"><img decoding=\"async\" class=\"qubely-info-box-image\" src=\"https:\/\/www.decisionscience.bi\/wp-content\/uploads\/Alteryx-300DPI.png\" srcset=\"\" alt=\"\"\/><\/div><div class=\"qubely-info-box-body\"><div class=\"qubely-info-box-title-container  qubely-separator-position-top\"><div class=\"qubely-info-box-title-inner\"><h2 class=\"qubely-info-box-title\">Alteryx Preferred Partners<\/h2><\/div><div class=\"qubely-info-box-sub-title-container\"><h3 class=\"qubely-info-box-sub-title\"><strong>From Data to Discoveries to Decisions \u2014 In Minutes<\/strong><\/h3><\/div><\/div><div class=\"qubely-info-box-content\"><div class=\"qubely-info-box-text\">Analytics that automate and optimize business outcomes<\/div><\/div><div class=\"qubely-block-btn-wrapper\"><div class=\"qubely-block-btn\"><a class=\"qubely-block-btn-anchor is-medium\" href=\"https:\/\/www.alteryx.com\" target=\"_blank\" rel=\"nofollow noopener noreferrer\">Visit Alteryx <i class=\"qubely-btn-icon fas fa-caret-right\"><\/i><\/a><\/div><\/div><\/div><\/div><\/div>\n\n\n\n<div class=\"wp-block-qubely-infobox qubely-block-5baca9\"><div class=\"qubely-block-info-box  qubely-info-box-layout-1\"><div class=\"qubely-info-box-media qubely-media-has-bg\"><img decoding=\"async\" class=\"qubely-info-box-image\" src=\"https:\/\/www.decisionscience.bi\/wp-content\/uploads\/Tableau_Logo-e1621013971474.png\" srcset=\"\" alt=\"\"\/><\/div><div class=\"qubely-info-box-body\"><div class=\"qubely-info-box-title-container  qubely-separator-position-top\"><div class=\"qubely-info-box-title-inner\"><h2 class=\"qubely-info-box-title\">Tableau Bronze Partners<\/h2><\/div><div class=\"qubely-info-box-sub-title-container\"><h3 class=\"qubely-info-box-sub-title\"><strong>Meet the world&#8217;s leading analytics platform<\/strong><\/h3><\/div><\/div><div class=\"qubely-info-box-content\"><div class=\"qubely-info-box-text\">Tableau helps people see and understand data. Our visual analytics platform is transforming the way people use data to solve problems. See why organizations of all sizes trust Tableau to help them be more data-driven.<\/div><\/div><div class=\"qubely-block-btn-wrapper\"><div class=\"qubely-block-btn\"><a class=\"qubely-block-btn-anchor is-medium\" href=\"https:\/\/www.tableau.com\" target=\"_blank\" rel=\"nofollow noopener noreferrer\">Visit Tableau <i class=\"qubely-btn-icon fas fa-caret-right\"><\/i><\/a><\/div><\/div><\/div><\/div><\/div>\n\n\n\n<div class=\"wp-block-qubely-infobox qubely-block-cb66ce\"><div class=\"qubely-block-info-box  qubely-info-box-layout-1\"><div class=\"qubely-info-box-media qubely-media-has-bg\"><img decoding=\"async\" class=\"qubely-info-box-image\" src=\"https:\/\/www.decisionscience.bi\/wp-content\/uploads\/SnowflakeLogo.jpg\" srcset=\"\" alt=\"\"\/><\/div><div class=\"qubely-info-box-body\"><div class=\"qubely-info-box-title-container  qubely-separator-position-top\"><div class=\"qubely-info-box-title-inner\"><h2 class=\"qubely-info-box-title\">Partenaires de Snowflake<\/h2><\/div><div class=\"qubely-info-box-sub-title-container\"><h3 class=\"qubely-info-box-sub-title\">SNOWFLAKE\u2019S CLOUD DATA PLATFORM<\/h3><\/div><\/div><div class=\"qubely-info-box-content\"><div class=\"qubely-info-box-text\">A global platform for all your data and all your essential workloads, with boundless and seamless data collaboration<\/div><\/div><div class=\"qubely-block-btn-wrapper\"><div class=\"qubely-block-btn\"><a class=\"qubely-block-btn-anchor is-medium\" href=\"https:\/\/www.snowflake.com\" target=\"_blank\" rel=\"nofollow noopener noreferrer\">Visit Snowflake <i class=\"qubely-btn-icon fas fa-caret-right\"><\/i><\/a><\/div><\/div><\/div><\/div><\/div>\n\n\n\n<div class=\"wp-block-qubely-infobox qubely-block-231916\"><div class=\"qubely-block-info-box  qubely-info-box-layout-1\"><div class=\"qubely-info-box-media qubely-media-has-bg\"><img decoding=\"async\" class=\"qubely-info-box-image\" src=\"https:\/\/www.decisionscience.bi\/wp-content\/uploads\/veritone_color_Xsmall.png\" srcset=\"\" alt=\"\"\/><\/div><div class=\"qubely-info-box-body\"><div class=\"qubely-info-box-title-container  qubely-separator-position-top\"><div class=\"qubely-info-box-title-inner\"><h2 class=\"qubely-info-box-title\">Partenaires mondiaux de Veritone<\/h2><\/div><div class=\"qubely-info-box-sub-title-container\"><h3 class=\"qubely-info-box-sub-title\"><strong>EXPLORE AI SOLUTIONS FOR EVERY INDUSTRY<\/strong><\/h3><\/div><\/div><div class=\"qubely-info-box-content\"><div class=\"qubely-info-box-text\">Veritone\u2019s AI-enabled solutions drive digital transformation for leading companies including studios, networks, broadcasters, sports organizations, legal and judicial government branches of government and private sector, energy, and more.<\/div><\/div><div class=\"qubely-block-btn-wrapper\"><div class=\"qubely-block-btn\"><a class=\"qubely-block-btn-anchor is-medium\" href=\"https:\/\/www.veritone.com\" target=\"_blank\" rel=\"nofollow noopener noreferrer\">Visit Veritone <i class=\"qubely-btn-icon fas fa-caret-right\"><\/i><\/a><\/div><\/div><\/div><\/div><\/div>\n\n\n\n<div class=\"wp-block-qubely-infobox qubely-block-d8c917\"><div class=\"qubely-block-info-box  qubely-info-box-layout-1\"><div class=\"qubely-info-box-media qubely-media-has-bg\"><img decoding=\"async\" class=\"qubely-info-box-image\" src=\"https:\/\/www.decisionscience.bi\/wp-content\/uploads\/theobald-software-logo.png\" srcset=\"\" alt=\"\"\/><\/div><div class=\"qubely-info-box-body\"><div class=\"qubely-info-box-title-container  qubely-separator-position-top\"><div class=\"qubely-info-box-title-inner\"><h2 class=\"qubely-info-box-title\">Theobald Partners<\/h2><\/div><div class=\"qubely-info-box-sub-title-container\"><h2 class=\"qubely-info-box-sub-title\"><strong>Unleash the power of your SAP data<\/strong><\/h2><\/div><\/div><div class=\"qubely-info-box-content\"><div class=\"qubely-info-box-text\">SAP integration made easy. The interfaces of Theobald Software pave the way for you. Data integration into the cloud, BI &amp; Analytics, databases and process integration.<\/div><\/div><div class=\"qubely-block-btn-wrapper\"><div class=\"qubely-block-btn\"><a class=\"qubely-block-btn-anchor is-medium\" href=\"https:\/\/www.theobald-software.com\" target=\"_blank\" rel=\"nofollow noopener noreferrer\">Visit Theobald <i class=\"qubely-btn-icon fas fa-caret-right\"><\/i><\/a><\/div><\/div><\/div><\/div><\/div>\n\n\n\n<p><i class=\"fa fa-asterisk\" style=\"color:#ff671f\"><\/i>&nbsp;Nous offrons \u00e9galement des services de formation et de conseil, assur\u00e9s par nos consultants experts et certifi\u00e9s.<\/p>","protected":false},"excerpt":{"rendered":"<p>Our continuous search of excellence in executing projects for our customers, led us to find and discover the best tools to accomplish objectives in a fast, reliable and cost effective way. In this sense, we are using top Gartner\u00ae quadrant tools like: &nbsp;We also provide Training and Consulting Services, through our expert and certified consultants.<\/p>","protected":false},"author":1,"featured_media":0,"parent":0,"menu_order":0,"comment_status":"closed","ping_status":"closed","template":"full-width.php","meta":{"qubely_global_settings":"","qubely_interactions":"","footnotes":""},"class_list":["post-181","page","type-page","status-publish","hentry"],"yoast_head":"<!-- This site is optimized with the Yoast SEO plugin v27.3 - https:\/\/yoast.com\/product\/yoast-seo-wordpress\/ -->\n<title>Products - decisionscience.bi | Alteryx Tableau Snowflake en Mexico<\/title>\n<meta name=\"robots\" content=\"index, follow, max-snippet:-1, max-image-preview:large, max-video-preview:-1\" \/>\n<link rel=\"canonical\" href=\"https:\/\/www.decisionscience.bi\/fr\/products\/\" \/>\n<meta property=\"og:locale\" content=\"fr_CA\" \/>\n<meta property=\"og:type\" content=\"article\" \/>\n<meta property=\"og:title\" content=\"Products - decisionscience.bi | Alteryx Tableau Snowflake en Mexico\" \/>\n<meta property=\"og:description\" content=\"Our continuous search of excellence in executing projects for our customers, led us to find and discover the best tools to accomplish objectives in a fast, reliable and cost effective way. In this sense, we are using top Gartner\u00ae quadrant tools like: &nbsp;We also provide Training and Consulting Services, through our expert and certified consultants.\" \/>\n<meta property=\"og:url\" content=\"https:\/\/www.decisionscience.bi\/fr\/products\/\" \/>\n<meta property=\"og:site_name\" content=\"decisionscience.bi | Alteryx Tableau Snowflake en Mexico\" \/>\n<meta property=\"article:modified_time\" content=\"2021-05-14T18:52:55+00:00\" \/>\n<meta property=\"og:image\" content=\"https:\/\/www.decisionscience.bi\/wp-content\/uploads\/Alteryx-300DPI.png\" \/>\n<meta name=\"twitter:card\" content=\"summary_large_image\" \/>\n<meta name=\"twitter:site\" content=\"@DecisionSciMX\" \/>\n<meta name=\"twitter:label1\" content=\"Estimation du temps de lecture\" \/>\n\t<meta name=\"twitter:data1\" content=\"2 minutes\" \/>\n<script type=\"application\/ld+json\" class=\"yoast-schema-graph\">{\"@context\":\"https:\\\/\\\/schema.org\",\"@graph\":[{\"@type\":\"WebPage\",\"@id\":\"https:\\\/\\\/www.decisionscience.bi\\\/products\\\/\",\"url\":\"https:\\\/\\\/www.decisionscience.bi\\\/products\\\/\",\"name\":\"Products - decisionscience.bi | Alteryx Tableau Snowflake en Mexico\",\"isPartOf\":{\"@id\":\"https:\\\/\\\/www.decisionscience.bi\\\/#website\"},\"primaryImageOfPage\":{\"@id\":\"https:\\\/\\\/www.decisionscience.bi\\\/products\\\/#primaryimage\"},\"image\":{\"@id\":\"https:\\\/\\\/www.decisionscience.bi\\\/products\\\/#primaryimage\"},\"thumbnailUrl\":\"https:\\\/\\\/www.decisionscience.bi\\\/wp-content\\\/uploads\\\/Alteryx-300DPI.png\",\"datePublished\":\"2020-05-23T22:58:21+00:00\",\"dateModified\":\"2021-05-14T18:52:55+00:00\",\"breadcrumb\":{\"@id\":\"https:\\\/\\\/www.decisionscience.bi\\\/products\\\/#breadcrumb\"},\"inLanguage\":\"fr-CA\",\"potentialAction\":[{\"@type\":\"ReadAction\",\"target\":[\"https:\\\/\\\/www.decisionscience.bi\\\/products\\\/\"]}]},{\"@type\":\"ImageObject\",\"inLanguage\":\"fr-CA\",\"@id\":\"https:\\\/\\\/www.decisionscience.bi\\\/products\\\/#primaryimage\",\"url\":\"https:\\\/\\\/www.decisionscience.bi\\\/wp-content\\\/uploads\\\/Alteryx-300DPI.png\",\"contentUrl\":\"https:\\\/\\\/www.decisionscience.bi\\\/wp-content\\\/uploads\\\/Alteryx-300DPI.png\"},{\"@type\":\"BreadcrumbList\",\"@id\":\"https:\\\/\\\/www.decisionscience.bi\\\/products\\\/#breadcrumb\",\"itemListElement\":[{\"@type\":\"ListItem\",\"position\":1,\"name\":\"Home\",\"item\":\"https:\\\/\\\/www.decisionscience.bi\\\/\"},{\"@type\":\"ListItem\",\"position\":2,\"name\":\"Products\"}]},{\"@type\":\"WebSite\",\"@id\":\"https:\\\/\\\/www.decisionscience.bi\\\/#website\",\"url\":\"https:\\\/\\\/www.decisionscience.bi\\\/\",\"name\":\"decisionscience.bi | Alteryx Tableau Snowflake en Mexico\",\"description\":\"\",\"publisher\":{\"@id\":\"https:\\\/\\\/www.decisionscience.bi\\\/#organization\"},\"potentialAction\":[{\"@type\":\"SearchAction\",\"target\":{\"@type\":\"EntryPoint\",\"urlTemplate\":\"https:\\\/\\\/www.decisionscience.bi\\\/?s={search_term_string}\"},\"query-input\":{\"@type\":\"PropertyValueSpecification\",\"valueRequired\":true,\"valueName\":\"search_term_string\"}}],\"inLanguage\":\"fr-CA\"},{\"@type\":\"Organization\",\"@id\":\"https:\\\/\\\/www.decisionscience.bi\\\/#organization\",\"name\":\"Decision Science\",\"url\":\"https:\\\/\\\/www.decisionscience.bi\\\/\",\"logo\":{\"@type\":\"ImageObject\",\"inLanguage\":\"fr-CA\",\"@id\":\"https:\\\/\\\/www.decisionscience.bi\\\/#\\\/schema\\\/logo\\\/image\\\/\",\"url\":\"https:\\\/\\\/www.decisionscience.bi\\\/wp-content\\\/uploads\\\/2020\\\/05\\\/DEC_Firma_ver_transparente229X94.png\",\"contentUrl\":\"https:\\\/\\\/www.decisionscience.bi\\\/wp-content\\\/uploads\\\/2020\\\/05\\\/DEC_Firma_ver_transparente229X94.png\",\"width\":229,\"height\":94,\"caption\":\"Decision Science\"},\"image\":{\"@id\":\"https:\\\/\\\/www.decisionscience.bi\\\/#\\\/schema\\\/logo\\\/image\\\/\"},\"sameAs\":[\"https:\\\/\\\/x.com\\\/DecisionSciMX\",\"https:\\\/\\\/www.linkedin.com\\\/company\\\/decision-science-bi\\\/\"]}]}<\/script>\n<!-- \/ Yoast SEO plugin. -->","yoast_head_json":{"title":"Products - decisionscience.bi | Alteryx Tableau Snowflake en Mexico","robots":{"index":"index","follow":"follow","max-snippet":"max-snippet:-1","max-image-preview":"max-image-preview:large","max-video-preview":"max-video-preview:-1"},"canonical":"https:\/\/www.decisionscience.bi\/fr\/products\/","og_locale":"fr_CA","og_type":"article","og_title":"Products - decisionscience.bi | Alteryx Tableau Snowflake en Mexico","og_description":"Our continuous search of excellence in executing projects for our customers, led us to find and discover the best tools to accomplish objectives in a fast, reliable and cost effective way. In this sense, we are using top Gartner\u00ae quadrant tools like: &nbsp;We also provide Training and Consulting Services, through our expert and certified consultants.","og_url":"https:\/\/www.decisionscience.bi\/fr\/products\/","og_site_name":"decisionscience.bi | Alteryx Tableau Snowflake en Mexico","article_modified_time":"2021-05-14T18:52:55+00:00","og_image":[{"url":"https:\/\/www.decisionscience.bi\/wp-content\/uploads\/Alteryx-300DPI.png","type":"","width":"","height":""}],"twitter_card":"summary_large_image","twitter_site":"@DecisionSciMX","twitter_misc":{"Estimation du temps de lecture":"2 minutes"},"schema":{"@context":"https:\/\/schema.org","@graph":[{"@type":"WebPage","@id":"https:\/\/www.decisionscience.bi\/products\/","url":"https:\/\/www.decisionscience.bi\/products\/","name":"Products - decisionscience.bi | Alteryx Tableau Snowflake en Mexico","isPartOf":{"@id":"https:\/\/www.decisionscience.bi\/#website"},"primaryImageOfPage":{"@id":"https:\/\/www.decisionscience.bi\/products\/#primaryimage"},"image":{"@id":"https:\/\/www.decisionscience.bi\/products\/#primaryimage"},"thumbnailUrl":"https:\/\/www.decisionscience.bi\/wp-content\/uploads\/Alteryx-300DPI.png","datePublished":"2020-05-23T22:58:21+00:00","dateModified":"2021-05-14T18:52:55+00:00","breadcrumb":{"@id":"https:\/\/www.decisionscience.bi\/products\/#breadcrumb"},"inLanguage":"fr-CA","potentialAction":[{"@type":"ReadAction","target":["https:\/\/www.decisionscience.bi\/products\/"]}]},{"@type":"ImageObject","inLanguage":"fr-CA","@id":"https:\/\/www.decisionscience.bi\/products\/#primaryimage","url":"https:\/\/www.decisionscience.bi\/wp-content\/uploads\/Alteryx-300DPI.png","contentUrl":"https:\/\/www.decisionscience.bi\/wp-content\/uploads\/Alteryx-300DPI.png"},{"@type":"BreadcrumbList","@id":"https:\/\/www.decisionscience.bi\/products\/#breadcrumb","itemListElement":[{"@type":"ListItem","position":1,"name":"Home","item":"https:\/\/www.decisionscience.bi\/"},{"@type":"ListItem","position":2,"name":"Products"}]},{"@type":"WebSite","@id":"https:\/\/www.decisionscience.bi\/#website","url":"https:\/\/www.decisionscience.bi\/","name":"decisionscience.bi | Alteryx Tableau Snowflake en Mexico","description":"","publisher":{"@id":"https:\/\/www.decisionscience.bi\/#organization"},"potentialAction":[{"@type":"SearchAction","target":{"@type":"EntryPoint","urlTemplate":"https:\/\/www.decisionscience.bi\/?s={search_term_string}"},"query-input":{"@type":"PropertyValueSpecification","valueRequired":true,"valueName":"search_term_string"}}],"inLanguage":"fr-CA"},{"@type":"Organization","@id":"https:\/\/www.decisionscience.bi\/#organization","name":"Decision Science","url":"https:\/\/www.decisionscience.bi\/","logo":{"@type":"ImageObject","inLanguage":"fr-CA","@id":"https:\/\/www.decisionscience.bi\/#\/schema\/logo\/image\/","url":"https:\/\/www.decisionscience.bi\/wp-content\/uploads\/2020\/05\/DEC_Firma_ver_transparente229X94.png","contentUrl":"https:\/\/www.decisionscience.bi\/wp-content\/uploads\/2020\/05\/DEC_Firma_ver_transparente229X94.png","width":229,"height":94,"caption":"Decision Science"},"image":{"@id":"https:\/\/www.decisionscience.bi\/#\/schema\/logo\/image\/"},"sameAs":["https:\/\/x.com\/DecisionSciMX","https:\/\/www.linkedin.com\/company\/decision-science-bi\/"]}]}},"rttpg_featured_image_url":null,"rttpg_author":{"display_name":"ag","author_link":"https:\/\/www.decisionscience.bi\/fr\/author\/ag\/"},"rttpg_comment":0,"rttpg_category":null,"rttpg_excerpt":"Our continuous search of excellence in executing projects for our customers, led us to find and discover the best tools to accomplish objectives in a fast, reliable and cost effective way. In this sense, we are using top Gartner\u00ae quadrant tools like: &nbsp;We also provide Training and Consulting Services, through our expert and certified consultants.","_links":{"self":[{"href":"https:\/\/www.decisionscience.bi\/fr\/wp-json\/wp\/v2\/pages\/181","targetHints":{"allow":["GET"]}}],"collection":[{"href":"https:\/\/www.decisionscience.bi\/fr\/wp-json\/wp\/v2\/pages"}],"about":[{"href":"https:\/\/www.decisionscience.bi\/fr\/wp-json\/wp\/v2\/types\/page"}],"author":[{"embeddable":true,"href":"https:\/\/www.decisionscience.bi\/fr\/wp-json\/wp\/v2\/users\/1"}],"replies":[{"embeddable":true,"href":"https:\/\/www.decisionscience.bi\/fr\/wp-json\/wp\/v2\/comments?post=181"}],"version-history":[{"count":40,"href":"https:\/\/www.decisionscience.bi\/fr\/wp-json\/wp\/v2\/pages\/181\/revisions"}],"predecessor-version":[{"id":1129,"href":"https:\/\/www.decisionscience.bi\/fr\/wp-json\/wp\/v2\/pages\/181\/revisions\/1129"}],"wp:attachment":[{"href":"https:\/\/www.decisionscience.bi\/fr\/wp-json\/wp\/v2\/media?parent=181"}],"curies":[{"name":"wp","href":"https:\/\/api.w.org\/{rel}","templated":true}]}}