{"id":22,"date":"2020-05-22T20:37:45","date_gmt":"2020-05-22T20:37:45","guid":{"rendered":"http:\/\/www.decisionscience.bi\/?page_id=22"},"modified":"2021-01-09T15:10:20","modified_gmt":"2021-01-09T20:10:20","slug":"contact-us","status":"publish","type":"page","link":"https:\/\/www.decisionscience.bi\/fr\/contact-us\/","title":{"rendered":"Contact Us"},"content":{"rendered":"<div class=\"wp-block-columns are-vertically-aligned-top is-layout-flex wp-container-core-columns-is-layout-9d6595d7 wp-block-columns-is-layout-flex\">\n<div class=\"wp-block-column is-vertically-aligned-top is-layout-flow wp-block-column-is-layout-flow\">\n<div align=\"center\">\n<div class=\"phone icon\">\n<h2>Give Us a Call <\/h2>\n<h4><strong>M\u00e9xico:<\/strong><\/h4>\n<h4>+52.777.244.7362<\/h4>\n<h4><strong>Puebla:<\/strong><\/h4>\n<h4>+52.1.222.817.1865<\/h4>\n<h4><strong>Panam\u00e1:<\/strong><\/h4>\n<h4>+507.6091.3552<\/h4>\n<h4><strong>Canad\u00e1:<\/strong><\/h4>\n<h4>+1.438.601.3212<\/h4>\n<\/div>\n<\/div>\n\n\n\n<p><\/p>\n<\/div>\n\n\n\n<div class=\"wp-block-column is-vertically-aligned-top is-layout-flow wp-block-column-is-layout-flow\">\n<div class=\"wpcf7 no-js\" id=\"wpcf7-f29-o1\" lang=\"en-US\" dir=\"ltr\" data-wpcf7-id=\"29\">\n<div class=\"screen-reader-response\"><p role=\"status\" aria-live=\"polite\" aria-atomic=\"true\"><\/p> <ul><\/ul><\/div>\n<form action=\"\/fr\/wp-json\/wp\/v2\/pages\/22#wpcf7-f29-o1\" method=\"post\" class=\"wpcf7-form init\" aria-label=\"Contact form\" novalidate=\"novalidate\" data-status=\"init\" data-trp-original-action=\"\/fr\/wp-json\/wp\/v2\/pages\/22#wpcf7-f29-o1\">\n<fieldset class=\"hidden-fields-container\"><input type=\"hidden\" name=\"_wpcf7\" value=\"29\" \/><input type=\"hidden\" name=\"_wpcf7_version\" value=\"6.1.5\" \/><input type=\"hidden\" name=\"_wpcf7_locale\" value=\"en_US\" \/><input type=\"hidden\" name=\"_wpcf7_unit_tag\" value=\"wpcf7-f29-o1\" \/><input type=\"hidden\" name=\"_wpcf7_container_post\" value=\"0\" \/><input type=\"hidden\" name=\"_wpcf7_posted_data_hash\" value=\"\" \/><input type=\"hidden\" name=\"_wpcf7_recaptcha_response\" value=\"\" \/>\n<\/fieldset>\n<p><label> Your Name (required)<br \/>\n<span class=\"wpcf7-form-control-wrap\" data-name=\"your-name\"><input size=\"40\" maxlength=\"400\" class=\"wpcf7-form-control wpcf7-text wpcf7-validates-as-required\" aria-required=\"true\" aria-invalid=\"false\" value=\"\" type=\"text\" name=\"your-name\" \/><\/span> <\/label>\n<\/p>\n<p><label> Your Email (required)<br \/>\n<span class=\"wpcf7-form-control-wrap\" data-name=\"your-email\"><input size=\"40\" maxlength=\"400\" class=\"wpcf7-form-control wpcf7-email wpcf7-validates-as-required wpcf7-text wpcf7-validates-as-email\" aria-required=\"true\" aria-invalid=\"false\" value=\"\" type=\"email\" name=\"your-email\" \/><\/span> <\/label>\n<\/p>\n<p><label> Subject<br \/>\n<span class=\"wpcf7-form-control-wrap\" data-name=\"your-subject\"><input size=\"40\" maxlength=\"400\" class=\"wpcf7-form-control wpcf7-text\" aria-invalid=\"false\" value=\"\" type=\"text\" name=\"your-subject\" \/><\/span> <\/label>\n<\/p>\n<p><label> Your Message<br \/>\n<span class=\"wpcf7-form-control-wrap\" data-name=\"your-message\"><textarea cols=\"40\" rows=\"10\" maxlength=\"2000\" class=\"wpcf7-form-control wpcf7-textarea\" aria-invalid=\"false\" name=\"your-message\"><\/textarea><\/span> <\/label>\n<\/p>\n\n<p><input class=\"wpcf7-form-control wpcf7-submit has-spinner\" type=\"submit\" value=\"Send\" \/>\n<\/p><input type='hidden' class='wpcf7-pum' value='{\"closepopup\":false,\"closedelay\":0,\"openpopup\":false,\"openpopup_id\":0}' \/><div class=\"wpcf7-response-output\" aria-hidden=\"true\"><\/div>\n<input type=\"hidden\" name=\"trp-form-language\" value=\"fr\"\/><\/form>\n<\/div>\n\n<\/div>\n<\/div>","protected":false},"excerpt":{"rendered":"<p>Give Us a Call M\u00e9xico: +52.777.244.7362 Puebla: +52.1.222.817.1865 Panam\u00e1: +507.6091.3552 Canad\u00e1: +1.438.601.3212<\/p>","protected":false},"author":1,"featured_media":0,"parent":0,"menu_order":0,"comment_status":"closed","ping_status":"closed","template":"full-width.php","meta":{"qubely_global_settings":"","qubely_interactions":"","footnotes":""},"class_list":["post-22","page","type-page","status-publish","hentry"],"yoast_head":"<!-- This site is optimized with the Yoast SEO plugin v27.3 - https:\/\/yoast.com\/product\/yoast-seo-wordpress\/ -->\n<title>Contact Us - decisionscience.bi | Alteryx Tableau Snowflake en Mexico<\/title>\n<meta name=\"robots\" content=\"index, follow, max-snippet:-1, max-image-preview:large, max-video-preview:-1\" \/>\n<link rel=\"canonical\" href=\"https:\/\/www.decisionscience.bi\/fr\/contact-us\/\" \/>\n<meta property=\"og:locale\" content=\"fr_CA\" \/>\n<meta property=\"og:type\" content=\"article\" \/>\n<meta property=\"og:title\" content=\"Contact Us - decisionscience.bi | Alteryx Tableau Snowflake en Mexico\" \/>\n<meta property=\"og:description\" content=\"Give Us a Call M\u00e9xico: +52.777.244.7362 Puebla: +52.1.222.817.1865 Panam\u00e1: +507.6091.3552 Canad\u00e1: +1.438.601.3212\" \/>\n<meta property=\"og:url\" content=\"https:\/\/www.decisionscience.bi\/fr\/contact-us\/\" \/>\n<meta property=\"og:site_name\" content=\"decisionscience.bi | Alteryx Tableau Snowflake en Mexico\" \/>\n<meta property=\"article:modified_time\" content=\"2021-01-09T20:10:20+00:00\" \/>\n<meta name=\"twitter:card\" content=\"summary_large_image\" \/>\n<meta name=\"twitter:site\" content=\"@DecisionSciMX\" \/>\n<script type=\"application\/ld+json\" class=\"yoast-schema-graph\">{\"@context\":\"https:\\\/\\\/schema.org\",\"@graph\":[{\"@type\":\"WebPage\",\"@id\":\"https:\\\/\\\/www.decisionscience.bi\\\/contact-us\\\/\",\"url\":\"https:\\\/\\\/www.decisionscience.bi\\\/contact-us\\\/\",\"name\":\"Contact Us - decisionscience.bi | Alteryx Tableau Snowflake en Mexico\",\"isPartOf\":{\"@id\":\"https:\\\/\\\/www.decisionscience.bi\\\/#website\"},\"datePublished\":\"2020-05-22T20:37:45+00:00\",\"dateModified\":\"2021-01-09T20:10:20+00:00\",\"breadcrumb\":{\"@id\":\"https:\\\/\\\/www.decisionscience.bi\\\/contact-us\\\/#breadcrumb\"},\"inLanguage\":\"fr-CA\",\"potentialAction\":[{\"@type\":\"ReadAction\",\"target\":[\"https:\\\/\\\/www.decisionscience.bi\\\/contact-us\\\/\"]}]},{\"@type\":\"BreadcrumbList\",\"@id\":\"https:\\\/\\\/www.decisionscience.bi\\\/contact-us\\\/#breadcrumb\",\"itemListElement\":[{\"@type\":\"ListItem\",\"position\":1,\"name\":\"Home\",\"item\":\"https:\\\/\\\/www.decisionscience.bi\\\/\"},{\"@type\":\"ListItem\",\"position\":2,\"name\":\"Contact Us\"}]},{\"@type\":\"WebSite\",\"@id\":\"https:\\\/\\\/www.decisionscience.bi\\\/#website\",\"url\":\"https:\\\/\\\/www.decisionscience.bi\\\/\",\"name\":\"decisionscience.bi | Alteryx Tableau Snowflake en Mexico\",\"description\":\"\",\"publisher\":{\"@id\":\"https:\\\/\\\/www.decisionscience.bi\\\/#organization\"},\"potentialAction\":[{\"@type\":\"SearchAction\",\"target\":{\"@type\":\"EntryPoint\",\"urlTemplate\":\"https:\\\/\\\/www.decisionscience.bi\\\/?s={search_term_string}\"},\"query-input\":{\"@type\":\"PropertyValueSpecification\",\"valueRequired\":true,\"valueName\":\"search_term_string\"}}],\"inLanguage\":\"fr-CA\"},{\"@type\":\"Organization\",\"@id\":\"https:\\\/\\\/www.decisionscience.bi\\\/#organization\",\"name\":\"Decision Science\",\"url\":\"https:\\\/\\\/www.decisionscience.bi\\\/\",\"logo\":{\"@type\":\"ImageObject\",\"inLanguage\":\"fr-CA\",\"@id\":\"https:\\\/\\\/www.decisionscience.bi\\\/#\\\/schema\\\/logo\\\/image\\\/\",\"url\":\"https:\\\/\\\/www.decisionscience.bi\\\/wp-content\\\/uploads\\\/2020\\\/05\\\/DEC_Firma_ver_transparente229X94.png\",\"contentUrl\":\"https:\\\/\\\/www.decisionscience.bi\\\/wp-content\\\/uploads\\\/2020\\\/05\\\/DEC_Firma_ver_transparente229X94.png\",\"width\":229,\"height\":94,\"caption\":\"Decision Science\"},\"image\":{\"@id\":\"https:\\\/\\\/www.decisionscience.bi\\\/#\\\/schema\\\/logo\\\/image\\\/\"},\"sameAs\":[\"https:\\\/\\\/x.com\\\/DecisionSciMX\",\"https:\\\/\\\/www.linkedin.com\\\/company\\\/decision-science-bi\\\/\"]}]}<\/script>\n<!-- \/ Yoast SEO plugin. -->","yoast_head_json":{"title":"Contact Us - decisionscience.bi | Alteryx Tableau Snowflake en Mexico","robots":{"index":"index","follow":"follow","max-snippet":"max-snippet:-1","max-image-preview":"max-image-preview:large","max-video-preview":"max-video-preview:-1"},"canonical":"https:\/\/www.decisionscience.bi\/fr\/contact-us\/","og_locale":"fr_CA","og_type":"article","og_title":"Contact Us - decisionscience.bi | Alteryx Tableau Snowflake en Mexico","og_description":"Give Us a Call M\u00e9xico: +52.777.244.7362 Puebla: +52.1.222.817.1865 Panam\u00e1: +507.6091.3552 Canad\u00e1: +1.438.601.3212","og_url":"https:\/\/www.decisionscience.bi\/fr\/contact-us\/","og_site_name":"decisionscience.bi | Alteryx Tableau Snowflake en Mexico","article_modified_time":"2021-01-09T20:10:20+00:00","twitter_card":"summary_large_image","twitter_site":"@DecisionSciMX","schema":{"@context":"https:\/\/schema.org","@graph":[{"@type":"WebPage","@id":"https:\/\/www.decisionscience.bi\/contact-us\/","url":"https:\/\/www.decisionscience.bi\/contact-us\/","name":"Contact Us - decisionscience.bi | Alteryx Tableau Snowflake en Mexico","isPartOf":{"@id":"https:\/\/www.decisionscience.bi\/#website"},"datePublished":"2020-05-22T20:37:45+00:00","dateModified":"2021-01-09T20:10:20+00:00","breadcrumb":{"@id":"https:\/\/www.decisionscience.bi\/contact-us\/#breadcrumb"},"inLanguage":"fr-CA","potentialAction":[{"@type":"ReadAction","target":["https:\/\/www.decisionscience.bi\/contact-us\/"]}]},{"@type":"BreadcrumbList","@id":"https:\/\/www.decisionscience.bi\/contact-us\/#breadcrumb","itemListElement":[{"@type":"ListItem","position":1,"name":"Home","item":"https:\/\/www.decisionscience.bi\/"},{"@type":"ListItem","position":2,"name":"Contact Us"}]},{"@type":"WebSite","@id":"https:\/\/www.decisionscience.bi\/#website","url":"https:\/\/www.decisionscience.bi\/","name":"decisionscience.bi | Alteryx Tableau Snowflake en Mexico","description":"","publisher":{"@id":"https:\/\/www.decisionscience.bi\/#organization"},"potentialAction":[{"@type":"SearchAction","target":{"@type":"EntryPoint","urlTemplate":"https:\/\/www.decisionscience.bi\/?s={search_term_string}"},"query-input":{"@type":"PropertyValueSpecification","valueRequired":true,"valueName":"search_term_string"}}],"inLanguage":"fr-CA"},{"@type":"Organization","@id":"https:\/\/www.decisionscience.bi\/#organization","name":"Decision Science","url":"https:\/\/www.decisionscience.bi\/","logo":{"@type":"ImageObject","inLanguage":"fr-CA","@id":"https:\/\/www.decisionscience.bi\/#\/schema\/logo\/image\/","url":"https:\/\/www.decisionscience.bi\/wp-content\/uploads\/2020\/05\/DEC_Firma_ver_transparente229X94.png","contentUrl":"https:\/\/www.decisionscience.bi\/wp-content\/uploads\/2020\/05\/DEC_Firma_ver_transparente229X94.png","width":229,"height":94,"caption":"Decision Science"},"image":{"@id":"https:\/\/www.decisionscience.bi\/#\/schema\/logo\/image\/"},"sameAs":["https:\/\/x.com\/DecisionSciMX","https:\/\/www.linkedin.com\/company\/decision-science-bi\/"]}]}},"rttpg_featured_image_url":null,"rttpg_author":{"display_name":"ag","author_link":"https:\/\/www.decisionscience.bi\/fr\/author\/ag\/"},"rttpg_comment":0,"rttpg_category":null,"rttpg_excerpt":"Give Us a Call M\u00e9xico: +52.777.244.7362 Puebla: +52.1.222.817.1865 Panam\u00e1: +507.6091.3552 Canad\u00e1: +1.438.601.3212","_links":{"self":[{"href":"https:\/\/www.decisionscience.bi\/fr\/wp-json\/wp\/v2\/pages\/22","targetHints":{"allow":["GET"]}}],"collection":[{"href":"https:\/\/www.decisionscience.bi\/fr\/wp-json\/wp\/v2\/pages"}],"about":[{"href":"https:\/\/www.decisionscience.bi\/fr\/wp-json\/wp\/v2\/types\/page"}],"author":[{"embeddable":true,"href":"https:\/\/www.decisionscience.bi\/fr\/wp-json\/wp\/v2\/users\/1"}],"replies":[{"embeddable":true,"href":"https:\/\/www.decisionscience.bi\/fr\/wp-json\/wp\/v2\/comments?post=22"}],"version-history":[{"count":23,"href":"https:\/\/www.decisionscience.bi\/fr\/wp-json\/wp\/v2\/pages\/22\/revisions"}],"predecessor-version":[{"id":1049,"href":"https:\/\/www.decisionscience.bi\/fr\/wp-json\/wp\/v2\/pages\/22\/revisions\/1049"}],"wp:attachment":[{"href":"https:\/\/www.decisionscience.bi\/fr\/wp-json\/wp\/v2\/media?parent=22"}],"curies":[{"name":"wp","href":"https:\/\/api.w.org\/{rel}","templated":true}]}}