{"id":232,"date":"2020-05-24T12:15:23","date_gmt":"2020-05-24T17:15:23","guid":{"rendered":"http:\/\/www.decisionscience.bi\/?page_id=232"},"modified":"2020-09-20T16:27:04","modified_gmt":"2020-09-20T21:27:04","slug":"snowflake","status":"publish","type":"page","link":"https:\/\/www.decisionscience.bi\/fr\/snowflake\/","title":{"rendered":"Snowflake"},"content":{"rendered":"<div class=\"wp-block-image\"><figure class=\"aligncenter size-large\"><img fetchpriority=\"high\" decoding=\"async\" width=\"505\" height=\"130\" src=\"http:\/\/www.decisionscience.bi\/wp-content\/uploads\/SnowflakeLogo.jpg\" alt=\"snowflake logo\" class=\"wp-image-905\" srcset=\"https:\/\/www.decisionscience.bi\/wp-content\/uploads\/SnowflakeLogo.jpg 505w, https:\/\/www.decisionscience.bi\/wp-content\/uploads\/SnowflakeLogo-300x77.jpg 300w, https:\/\/www.decisionscience.bi\/wp-content\/uploads\/SnowflakeLogo-150x39.jpg 150w\" sizes=\"(max-width: 505px) 85vw, 505px\" \/><\/figure><\/div>\n\n\n\n<h4 align=\"center\">UNE PLATEFORME DE DONN\u00c9ES MODERNE CON\u00c7UE POUR TOUT CLOUD<\/h4>\n\n\n\n<p align=\"center\"><a href=\"https:\/\/www.snowflake.com\/product\/?wvideo=4r92vwdy4o\"><img decoding=\"async\" src=\"https:\/\/embed-fastly.wistia.com\/deliveries\/f37d5be9c876086cf974aa80cb5101dd7f2b167f.jpg?image_play_button_size=2x&amp;image_crop_resized=960x540&amp;image_play_button=1&amp;image_play_button_color=11567fe0\" width=\"400\" height=\"225\" style=\"width: 400px; height: 225px;\"><\/a><\/p>\n\n\n\nLes plateformes de donn\u00e9es traditionnelles et les solutions de m\u00e9gadonn\u00e9es ont du mal \u00e0 atteindre leur objectif fondamental\u00a0: permettre \u00e0 tout utilisateur de travailler avec n\u2019importe quelles donn\u00e9es, sans aucune limite d\u2019\u00e9chelle, de performance ou de flexibilit\u00e9. Que vous soyez analyste de donn\u00e9es, data scientist, ing\u00e9nieur de donn\u00e9es ou tout autre professionnel du commerce ou de la technologie, Snowflake vous permettra d\u2019exploiter pleinement vos donn\u00e9es.\n\nPour y parvenir, nous avons con\u00e7u une plateforme de donn\u00e9es enti\u00e8rement nouvelle pour le cloud. Son architecture brevet\u00e9e en fait la pierre angulaire des pipelines de donn\u00e9es, de l\u2019entreposage de donn\u00e9es, des lacs de donn\u00e9es, du d\u00e9veloppement d\u2019applications de donn\u00e9es et de la cr\u00e9ation de plateformes d\u2019\u00e9change de donn\u00e9es pour partager facilement et en toute s\u00e9curit\u00e9 des donn\u00e9es gouvern\u00e9es. Quel est le r\u00e9sultat\u00a0? Une plateforme SaaS puissante et facile d\u2019utilisation.\n\n\n\n<div class=\"wp-block-columns is-layout-flex wp-container-core-columns-is-layout-9d6595d7 wp-block-columns-is-layout-flex\">\n<div class=\"wp-block-column is-layout-flow wp-block-column-is-layout-flow\" style=\"flex-basis:33.33%\">\n<p><\/p>\n<\/div>\n\n\n\n<div class=\"wp-block-column is-layout-flow wp-block-column-is-layout-flow\" style=\"flex-basis:66.66%\">\n<p><\/p>\n<\/div>\n<\/div>\n\n\n\n\n\n<div class=\"cuadro-producto\" style=\"background-color:#29B5E8;\">\n<div class=\"foto-producto\" style=\"background-image:url('https:\/\/yuyxg2s4nyr1vz7vr2pfg77x-wpengine.netdna-ssl.com\/wp-content\/uploads\/2018\/09\/asset_office_15_180804_1810.jpg');\" alt=\"\">\n<\/div>\n<div class=\"text-producto\">\n<h4>N'importe quel nuage<\/h4>\nLa plateforme de donn\u00e9es infonuagiques de Snowflake prend en charge une strat\u00e9gie multinuage, y compris une approche internuage permettant de combiner diff\u00e9rents nuages \u200b\u200bselon vos besoins. Snowflake est disponible partout dans le monde sur AWS, Azure et Google Cloud Platform. Gr\u00e2ce \u00e0 une base de code commune et interchangeable, Snowflake offre des avantages tels que la r\u00e9plication globale des donn\u00e9es. Vous pouvez ainsi d\u00e9placer vos donn\u00e9es vers n'importe quel nuage, dans n'importe quelle r\u00e9gion, sans avoir \u00e0 recoder vos applications ni \u00e0 acqu\u00e9rir de nouvelles comp\u00e9tences.\n<\/div>\n<\/div>\n\n\n\n<div class=\"cuadro-producto\" style=\"background-color:#FFFFFF;\">\n<div class=\"text-producto-dark\">\n<h4>Partagez des donn\u00e9es en toute s\u00e9curit\u00e9 pour collaborer au sein de votre \u00e9cosyst\u00e8me d'entreprise.<\/h4>\nSnowflake\u2019s multi-cluster shared data architecture enables governed and secure data sharing in real time. Create your own private data exchange to share and collaborate with business partners, suppliers, and employees in a centrally managed data hub. Easily source external data and open new routes to data monetization by participating in the Snowflake data marketplace.\n<\/div>\n<div class=\"foto-producto\" style=\"background-image:url('https:\/\/yuyxg2s4nyr1vz7vr2pfg77x-wpengine.netdna-ssl.com\/wp-content\/uploads\/2018\/09\/asset_office_3.jpg');\" alt=\"\">\n<\/div>\n<\/div>\n\n\n\n<div class=\"cuadro-producto\" style=\"background-color:#9B9B9B;\">\n<div class=\"foto-producto\" style=\"background-image:url('https:\/\/yuyxg2s4nyr1vz7vr2pfg77x-wpengine.netdna-ssl.com\/wp-content\/uploads\/2017\/01\/product-details-2.jpg')\" alt=\"\"\/>\n<\/div>\n<div class=\"text-producto\">\n\n\n\n<h4>Near-Zero Management<\/h4>\nSnowflake eliminates the administration and management demands of traditional platforms and big data solutions. Snowflake is a true data platform-as-a-service, running in the cloud. With built-in performance, there\u2019s no infrastructure to manage or knobs to turn. Snowflake automatically handles infrastructure, optimization, availability, data protection, and more, so you can focus on using your data, not managing it.\n\n\n\n<\/div>\n<\/div>\n\n\n\n<div class=\"cuadro-producto\" style=\"background-color:#105780;\">\n<div class=\"text-producto\">\n\n\n\n<h4>Pay Only for What You Use<\/h4>\nPer-second, usage-based pricing for compute and storage means you only pay for the amount of data you store and the amount of compute processing you use. Say goodbye to upfront costs, over-provisioned systems, or idle clusters unnecessarily consuming money.\n<\/div>\n\n\n\n<div class=\"foto-producto\" style=\"background-image:url('https:\/\/yuyxg2s4nyr1vz7vr2pfg77x-wpengine.netdna-ssl.com\/wp-content\/uploads\/2018\/09\/asset_office_4.jpg')\" alt=\"\"\/><\/div>\n\n<\/div>","protected":false},"excerpt":{"rendered":"<p>A MODERN DATA PLATFORM BUILT FOR ANY CLOUD Conventional data platforms and big data solutions struggle to deliver on their fundamental purpose: to enable any user to work with any data, without limits on scale, performance or flexibility. Whether you\u2019re a data analyst, data scientist, data engineer, or any other business or technology professional, you\u2019ll &hellip; <a href=\"https:\/\/www.decisionscience.bi\/fr\/snowflake\/\" class=\"more-link\">Continue reading<span class=\"screen-reader-text\"> &#8220;Snowflake&#8221;<\/span><\/a><\/p>","protected":false},"author":1,"featured_media":0,"parent":0,"menu_order":0,"comment_status":"closed","ping_status":"closed","template":"full-width.php","meta":{"qubely_global_settings":"","qubely_interactions":"","footnotes":""},"class_list":["post-232","page","type-page","status-publish","hentry"],"yoast_head":"<!-- This site is optimized with the Yoast SEO plugin v27.3 - https:\/\/yoast.com\/product\/yoast-seo-wordpress\/ -->\n<title>Snowflake - decisionscience.bi | Alteryx Tableau Snowflake en Mexico<\/title>\n<meta name=\"robots\" content=\"index, follow, max-snippet:-1, max-image-preview:large, max-video-preview:-1\" \/>\n<link rel=\"canonical\" href=\"https:\/\/www.decisionscience.bi\/fr\/snowflake\/\" \/>\n<meta property=\"og:locale\" content=\"fr_CA\" \/>\n<meta property=\"og:type\" content=\"article\" \/>\n<meta property=\"og:title\" content=\"Snowflake - decisionscience.bi | Alteryx Tableau Snowflake en Mexico\" \/>\n<meta property=\"og:description\" content=\"A MODERN DATA PLATFORM BUILT FOR ANY CLOUD Conventional data platforms and big data solutions struggle to deliver on their fundamental purpose: to enable any user to work with any data, without limits on scale, performance or flexibility. Whether you\u2019re a data analyst, data scientist, data engineer, or any other business or technology professional, you\u2019ll &hellip; Continue reading &quot;Snowflake&quot;\" \/>\n<meta property=\"og:url\" content=\"https:\/\/www.decisionscience.bi\/fr\/snowflake\/\" \/>\n<meta property=\"og:site_name\" content=\"decisionscience.bi | Alteryx Tableau Snowflake en Mexico\" \/>\n<meta property=\"article:modified_time\" content=\"2020-09-20T21:27:04+00:00\" \/>\n<meta property=\"og:image\" content=\"http:\/\/www.decisionscience.bi\/wp-content\/uploads\/SnowflakeLogo.jpg\" \/>\n<meta name=\"twitter:card\" content=\"summary_large_image\" \/>\n<meta name=\"twitter:site\" content=\"@DecisionSciMX\" \/>\n<meta name=\"twitter:label1\" content=\"Estimation du temps de lecture\" \/>\n\t<meta name=\"twitter:data1\" content=\"2 minutes\" \/>\n<script type=\"application\/ld+json\" class=\"yoast-schema-graph\">{\"@context\":\"https:\\\/\\\/schema.org\",\"@graph\":[{\"@type\":\"WebPage\",\"@id\":\"https:\\\/\\\/www.decisionscience.bi\\\/snowflake\\\/\",\"url\":\"https:\\\/\\\/www.decisionscience.bi\\\/snowflake\\\/\",\"name\":\"Snowflake - decisionscience.bi | Alteryx Tableau Snowflake en Mexico\",\"isPartOf\":{\"@id\":\"https:\\\/\\\/www.decisionscience.bi\\\/#website\"},\"primaryImageOfPage\":{\"@id\":\"https:\\\/\\\/www.decisionscience.bi\\\/snowflake\\\/#primaryimage\"},\"image\":{\"@id\":\"https:\\\/\\\/www.decisionscience.bi\\\/snowflake\\\/#primaryimage\"},\"thumbnailUrl\":\"http:\\\/\\\/www.decisionscience.bi\\\/wp-content\\\/uploads\\\/SnowflakeLogo.jpg\",\"datePublished\":\"2020-05-24T17:15:23+00:00\",\"dateModified\":\"2020-09-20T21:27:04+00:00\",\"breadcrumb\":{\"@id\":\"https:\\\/\\\/www.decisionscience.bi\\\/snowflake\\\/#breadcrumb\"},\"inLanguage\":\"fr-CA\",\"potentialAction\":[{\"@type\":\"ReadAction\",\"target\":[\"https:\\\/\\\/www.decisionscience.bi\\\/snowflake\\\/\"]}]},{\"@type\":\"ImageObject\",\"inLanguage\":\"fr-CA\",\"@id\":\"https:\\\/\\\/www.decisionscience.bi\\\/snowflake\\\/#primaryimage\",\"url\":\"http:\\\/\\\/www.decisionscience.bi\\\/wp-content\\\/uploads\\\/SnowflakeLogo.jpg\",\"contentUrl\":\"http:\\\/\\\/www.decisionscience.bi\\\/wp-content\\\/uploads\\\/SnowflakeLogo.jpg\"},{\"@type\":\"BreadcrumbList\",\"@id\":\"https:\\\/\\\/www.decisionscience.bi\\\/snowflake\\\/#breadcrumb\",\"itemListElement\":[{\"@type\":\"ListItem\",\"position\":1,\"name\":\"Home\",\"item\":\"https:\\\/\\\/www.decisionscience.bi\\\/\"},{\"@type\":\"ListItem\",\"position\":2,\"name\":\"Snowflake\"}]},{\"@type\":\"WebSite\",\"@id\":\"https:\\\/\\\/www.decisionscience.bi\\\/#website\",\"url\":\"https:\\\/\\\/www.decisionscience.bi\\\/\",\"name\":\"decisionscience.bi | Alteryx Tableau Snowflake en Mexico\",\"description\":\"\",\"publisher\":{\"@id\":\"https:\\\/\\\/www.decisionscience.bi\\\/#organization\"},\"potentialAction\":[{\"@type\":\"SearchAction\",\"target\":{\"@type\":\"EntryPoint\",\"urlTemplate\":\"https:\\\/\\\/www.decisionscience.bi\\\/?s={search_term_string}\"},\"query-input\":{\"@type\":\"PropertyValueSpecification\",\"valueRequired\":true,\"valueName\":\"search_term_string\"}}],\"inLanguage\":\"fr-CA\"},{\"@type\":\"Organization\",\"@id\":\"https:\\\/\\\/www.decisionscience.bi\\\/#organization\",\"name\":\"Decision Science\",\"url\":\"https:\\\/\\\/www.decisionscience.bi\\\/\",\"logo\":{\"@type\":\"ImageObject\",\"inLanguage\":\"fr-CA\",\"@id\":\"https:\\\/\\\/www.decisionscience.bi\\\/#\\\/schema\\\/logo\\\/image\\\/\",\"url\":\"https:\\\/\\\/www.decisionscience.bi\\\/wp-content\\\/uploads\\\/2020\\\/05\\\/DEC_Firma_ver_transparente229X94.png\",\"contentUrl\":\"https:\\\/\\\/www.decisionscience.bi\\\/wp-content\\\/uploads\\\/2020\\\/05\\\/DEC_Firma_ver_transparente229X94.png\",\"width\":229,\"height\":94,\"caption\":\"Decision Science\"},\"image\":{\"@id\":\"https:\\\/\\\/www.decisionscience.bi\\\/#\\\/schema\\\/logo\\\/image\\\/\"},\"sameAs\":[\"https:\\\/\\\/x.com\\\/DecisionSciMX\",\"https:\\\/\\\/www.linkedin.com\\\/company\\\/decision-science-bi\\\/\"]}]}<\/script>\n<!-- \/ Yoast SEO plugin. -->","yoast_head_json":{"title":"Snowflake - decisionscience.bi | Alteryx Tableau Snowflake en Mexico","robots":{"index":"index","follow":"follow","max-snippet":"max-snippet:-1","max-image-preview":"max-image-preview:large","max-video-preview":"max-video-preview:-1"},"canonical":"https:\/\/www.decisionscience.bi\/fr\/snowflake\/","og_locale":"fr_CA","og_type":"article","og_title":"Snowflake - decisionscience.bi | Alteryx Tableau Snowflake en Mexico","og_description":"A MODERN DATA PLATFORM BUILT FOR ANY CLOUD Conventional data platforms and big data solutions struggle to deliver on their fundamental purpose: to enable any user to work with any data, without limits on scale, performance or flexibility. Whether you\u2019re a data analyst, data scientist, data engineer, or any other business or technology professional, you\u2019ll &hellip; Continue reading \"Snowflake\"","og_url":"https:\/\/www.decisionscience.bi\/fr\/snowflake\/","og_site_name":"decisionscience.bi | Alteryx Tableau Snowflake en Mexico","article_modified_time":"2020-09-20T21:27:04+00:00","og_image":[{"url":"http:\/\/www.decisionscience.bi\/wp-content\/uploads\/SnowflakeLogo.jpg","type":"","width":"","height":""}],"twitter_card":"summary_large_image","twitter_site":"@DecisionSciMX","twitter_misc":{"Estimation du temps de lecture":"2 minutes"},"schema":{"@context":"https:\/\/schema.org","@graph":[{"@type":"WebPage","@id":"https:\/\/www.decisionscience.bi\/snowflake\/","url":"https:\/\/www.decisionscience.bi\/snowflake\/","name":"Snowflake - decisionscience.bi | Alteryx Tableau Snowflake en Mexico","isPartOf":{"@id":"https:\/\/www.decisionscience.bi\/#website"},"primaryImageOfPage":{"@id":"https:\/\/www.decisionscience.bi\/snowflake\/#primaryimage"},"image":{"@id":"https:\/\/www.decisionscience.bi\/snowflake\/#primaryimage"},"thumbnailUrl":"http:\/\/www.decisionscience.bi\/wp-content\/uploads\/SnowflakeLogo.jpg","datePublished":"2020-05-24T17:15:23+00:00","dateModified":"2020-09-20T21:27:04+00:00","breadcrumb":{"@id":"https:\/\/www.decisionscience.bi\/snowflake\/#breadcrumb"},"inLanguage":"fr-CA","potentialAction":[{"@type":"ReadAction","target":["https:\/\/www.decisionscience.bi\/snowflake\/"]}]},{"@type":"ImageObject","inLanguage":"fr-CA","@id":"https:\/\/www.decisionscience.bi\/snowflake\/#primaryimage","url":"http:\/\/www.decisionscience.bi\/wp-content\/uploads\/SnowflakeLogo.jpg","contentUrl":"http:\/\/www.decisionscience.bi\/wp-content\/uploads\/SnowflakeLogo.jpg"},{"@type":"BreadcrumbList","@id":"https:\/\/www.decisionscience.bi\/snowflake\/#breadcrumb","itemListElement":[{"@type":"ListItem","position":1,"name":"Home","item":"https:\/\/www.decisionscience.bi\/"},{"@type":"ListItem","position":2,"name":"Snowflake"}]},{"@type":"WebSite","@id":"https:\/\/www.decisionscience.bi\/#website","url":"https:\/\/www.decisionscience.bi\/","name":"decisionscience.bi | Alteryx Tableau Snowflake en Mexico","description":"","publisher":{"@id":"https:\/\/www.decisionscience.bi\/#organization"},"potentialAction":[{"@type":"SearchAction","target":{"@type":"EntryPoint","urlTemplate":"https:\/\/www.decisionscience.bi\/?s={search_term_string}"},"query-input":{"@type":"PropertyValueSpecification","valueRequired":true,"valueName":"search_term_string"}}],"inLanguage":"fr-CA"},{"@type":"Organization","@id":"https:\/\/www.decisionscience.bi\/#organization","name":"Decision Science","url":"https:\/\/www.decisionscience.bi\/","logo":{"@type":"ImageObject","inLanguage":"fr-CA","@id":"https:\/\/www.decisionscience.bi\/#\/schema\/logo\/image\/","url":"https:\/\/www.decisionscience.bi\/wp-content\/uploads\/2020\/05\/DEC_Firma_ver_transparente229X94.png","contentUrl":"https:\/\/www.decisionscience.bi\/wp-content\/uploads\/2020\/05\/DEC_Firma_ver_transparente229X94.png","width":229,"height":94,"caption":"Decision Science"},"image":{"@id":"https:\/\/www.decisionscience.bi\/#\/schema\/logo\/image\/"},"sameAs":["https:\/\/x.com\/DecisionSciMX","https:\/\/www.linkedin.com\/company\/decision-science-bi\/"]}]}},"rttpg_featured_image_url":null,"rttpg_author":{"display_name":"ag","author_link":"https:\/\/www.decisionscience.bi\/fr\/author\/ag\/"},"rttpg_comment":0,"rttpg_category":null,"rttpg_excerpt":"A MODERN DATA PLATFORM BUILT FOR ANY CLOUD Conventional data platforms and big data solutions struggle to deliver on their fundamental purpose: to enable any user to work with any data, without limits on scale, performance or flexibility. Whether you\u2019re a data analyst, data scientist, data engineer, or any other business or technology professional, you\u2019ll&hellip;","_links":{"self":[{"href":"https:\/\/www.decisionscience.bi\/fr\/wp-json\/wp\/v2\/pages\/232","targetHints":{"allow":["GET"]}}],"collection":[{"href":"https:\/\/www.decisionscience.bi\/fr\/wp-json\/wp\/v2\/pages"}],"about":[{"href":"https:\/\/www.decisionscience.bi\/fr\/wp-json\/wp\/v2\/types\/page"}],"author":[{"embeddable":true,"href":"https:\/\/www.decisionscience.bi\/fr\/wp-json\/wp\/v2\/users\/1"}],"replies":[{"embeddable":true,"href":"https:\/\/www.decisionscience.bi\/fr\/wp-json\/wp\/v2\/comments?post=232"}],"version-history":[{"count":42,"href":"https:\/\/www.decisionscience.bi\/fr\/wp-json\/wp\/v2\/pages\/232\/revisions"}],"predecessor-version":[{"id":907,"href":"https:\/\/www.decisionscience.bi\/fr\/wp-json\/wp\/v2\/pages\/232\/revisions\/907"}],"wp:attachment":[{"href":"https:\/\/www.decisionscience.bi\/fr\/wp-json\/wp\/v2\/media?parent=232"}],"curies":[{"name":"wp","href":"https:\/\/api.w.org\/{rel}","templated":true}]}}